{"id":2331,"date":"2018-01-31T13:33:15","date_gmt":"2018-01-31T12:33:15","guid":{"rendered":"http:\/\/www.doscomunica.com\/?page_id=2331"},"modified":"2018-02-16T17:01:35","modified_gmt":"2018-02-16T16:01:35","slug":"refererencias","status":"publish","type":"page","link":"https:\/\/www.doscomunica.com\/en\/espanol-refererencias\/","title":{"rendered":"Referencias"},"content":{"rendered":"<p><\/p>\n<div class=\"txtgrande\">Hemos\u00a0sido responsables de la<strong> Direcci\u00f3n de Comunicaci\u00f3n de Bilbao Aurrerago!<\/strong><strong>, el Proceso de Participaci\u00f3n Ciudadana del PGOU de Bilbao<\/strong>, ocup\u00e1ndonos, entre otros, de su denominaci\u00f3n y desarrollo de marca, presentaci\u00f3n de contenidos audiovisuales (v\u00eddeo de lanzamiento y apoyo), gesti\u00f3n de publicaciones impresas (publicaciones) y digitales (web y redes sociales).<\/p>\n<p>Contamos con los recursos para implantar una metodolog\u00eda deliberativa espec\u00edfica para procesos participativos que tienen como objetivo el enriquecimiento de los planes ciudadanos basados en sistemas participativos.<br \/>\nNos adaptamos a los requerimientos del proyecto seg\u00fan su complejidad.<\/p><\/div>\n<p><\/p>","protected":false},"excerpt":{"rendered":"<p>Hemos\u00a0sido responsables de la Direcci\u00f3n de Comunicaci\u00f3n de Bilbao Aurrerago!, el Proceso de Participaci\u00f3n Ciudadana del PGOU de Bilbao, ocup\u00e1ndonos, entre otros, de su denominaci\u00f3n y desarrollo de marca, presentaci\u00f3n de contenidos audiovisuales (v\u00eddeo de lanzamiento y apoyo), gesti\u00f3n de publicaciones impresas (publicaciones) y digitales (web y redes sociales). Contamos con los recursos para implantar [&hellip;]<\/p>\n","protected":false},"author":1,"featured_media":0,"parent":0,"menu_order":0,"comment_status":"closed","ping_status":"closed","template":"","meta":{"_exactmetrics_skip_tracking":false,"_exactmetrics_sitenote_active":false,"_exactmetrics_sitenote_note":"","_exactmetrics_sitenote_category":0,"footnotes":""},"class_list":["post-2331","page","type-page","status-publish","hentry"],"_links":{"self":[{"href":"https:\/\/www.doscomunica.com\/en\/wp-json\/wp\/v2\/pages\/2331","targetHints":{"allow":["GET"]}}],"collection":[{"href":"https:\/\/www.doscomunica.com\/en\/wp-json\/wp\/v2\/pages"}],"about":[{"href":"https:\/\/www.doscomunica.com\/en\/wp-json\/wp\/v2\/types\/page"}],"author":[{"embeddable":true,"href":"https:\/\/www.doscomunica.com\/en\/wp-json\/wp\/v2\/users\/1"}],"replies":[{"embeddable":true,"href":"https:\/\/www.doscomunica.com\/en\/wp-json\/wp\/v2\/comments?post=2331"}],"version-history":[{"count":6,"href":"https:\/\/www.doscomunica.com\/en\/wp-json\/wp\/v2\/pages\/2331\/revisions"}],"predecessor-version":[{"id":2426,"href":"https:\/\/www.doscomunica.com\/en\/wp-json\/wp\/v2\/pages\/2331\/revisions\/2426"}],"wp:attachment":[{"href":"https:\/\/www.doscomunica.com\/en\/wp-json\/wp\/v2\/media?parent=2331"}],"curies":[{"name":"wp","href":"https:\/\/api.w.org\/{rel}","templated":true}]}}