{"id":141,"date":"2014-10-14T10:35:49","date_gmt":"2014-10-14T10:35:49","guid":{"rendered":"http:\/\/www.doscomunica.com\/?page_id=141"},"modified":"2014-11-17T11:54:31","modified_gmt":"2014-11-17T11:54:31","slug":"aviso-legal","status":"publish","type":"page","link":"http:\/\/www.doscomunica.com\/eu\/aviso-legal\/","title":{"rendered":"(Espa\u00f1ol) Aviso legal"},"content":{"rendered":"<h2>AVISO LEGAL Y POL\u00cdTICA DE PRIVACIDAD<\/h2>\n<p align=\"justify\"><span style=\"font-family: Arial,sans-serif;\">Cuando precisemos obtener informaci\u00f3n por su parte, siempre le solicitaremos que nos la proporcione voluntariamente de forma expresa. Los datos recabados a trav\u00e9s de los formularios de recogida de datos del sitio web u otras v\u00edas ser\u00e1n incorporados a un fichero automatizado de datos de car\u00e1cter personal del cual es responsable la mercantil DO2 Comunicaci\u00f3n Corporativa,\u00a0Sociedad Limitada.<\/span><\/p>\n<p>Esta entidad tratar\u00e1 los datos de forma confidencial y exclusivamente con la finalidad de ofrecer los servicios solicitados, con todas las garant\u00edas legales y de seguridad que impone la Ley Org\u00e1nica 15\/1999, de 13 de diciembre, de Protecci\u00f3n de Datos de Car\u00e1cter Personal (en adelante LOPD) y la Ley 34\/2002, de 11 de julio, de Servicios de la Sociedad de la Informaci\u00f3n y Comercio Electr\u00f3nico. <span class=\"Apple-style-span\">DO2 Comunicaci\u00f3n Corporativa,\u00a0Sociedad Limitada<\/span>\u00a0se compromete a no ceder, vender, ni compartir los datos con terceros sin su aprobaci\u00f3n expresa.<\/p>\n<p>Asimismo, <span class=\"Apple-style-span\">DO2 Comunicaci\u00f3n Corporativa,\u00a0Sociedad Limitada<\/span>\u00a0cancelar\u00e1 o rectificar\u00e1 los datos cuando resulten inexactos, incompletos o hayan dejado de ser necesarios o pertinentes para su finalidad, de conformidad con lo previsto en la LOPD.<\/p>\n<p>El usuario podr\u00e1 revocar el consentimiento prestado y ejercer los derechos de acceso, rectificaci\u00f3n, cancelaci\u00f3n y oposici\u00f3n dirigi\u00e9ndose a tal efecto a la direcci\u00f3n social de <span class=\"Apple-style-span\">DO2 Comunicaci\u00f3n Corporativa,\u00a0Sociedad Limitada<\/span>, identific\u00e1ndose debidamente e indicando de forma visible el concreto derecho que se ejerce. <span class=\"Apple-style-span\">DO2 Comunicaci\u00f3n Corporativa,\u00a0Sociedad Limitada\u00a0<\/span>adopta los niveles de seguridad correspondientes requeridos por la LOPD y su normativa de desarrollo.<\/p>\n<p align=\"justify\"><span style=\"font-family: Arial,sans-serif;\">No obstante, <span class=\"Apple-style-span\">DO2 Comunicaci\u00f3n Corporativa,\u00a0Sociedad Limitada<\/span>\u00a0no asume ninguna responsabilidad por los da\u00f1os y perjuicios derivados de alteraciones que terceros pueden causar en los sistemas inform\u00e1ticos, documentos electr\u00f3nicos o ficheros del usuario.<\/span><\/p>\n<p><span class=\"Apple-style-span\">DO2 Comunicaci\u00f3n Corporativa,\u00a0Sociedad Limitada<\/span>\u00a0podr\u00e1 utilizar cookies durante la prestaci\u00f3n de servicios del sitio web. Las cookies son ficheros f\u00edsicos de informaci\u00f3n personal alojados en el propio Terminal del usuario. El ususario tiene la posibilidad de configurar su programa navegador de manera que se impida la creaci\u00f3n de archivos cookie o se advierta de la misma.<\/p>\n<p>Si opta por abandonar nuestro sitio web a trav\u00e9s de enlaces a sitios web no pertenecientes a nuestra entidad, <span class=\"Apple-style-span\">DO2 Comunicaci\u00f3n Corporativa,\u00a0Sociedad Limitada<\/span>\u00a0no se har\u00e1 responsable de las pol\u00edticas de privacidad de dichos sitios web ni de las cookies que estos puedan almacenar en el ordenador del usuario.<\/p>\n<p>Nuestra pol\u00edtica con respecto al correo electr\u00f3nico se centra en remitir \u00fanicamente comunicaciones que usted haya solicitado recibir. Si prefiere no recibir estos mensajes por correo electr\u00f3nico le ofreceremos a trav\u00e9s de los mismos la posibilidad de ejercer su derecho de cancelaci\u00f3n y renuncia a la recepci\u00f3n de estos mensajes, en conformidad con lo dispuesto en el T\u00edtulo III, art\u00edculo 22 de la Ley 34\/2002 de Servicios para la Sociedad de la Informaci\u00f3n y de Comercio Electr\u00f3nico (LSSI).<\/p>\n","protected":false},"excerpt":{"rendered":"<p>AVISO LEGAL Y POL\u00cdTICA DE PRIVACIDAD Cuando precisemos obtener informaci\u00f3n por su parte, siempre le solicitaremos que nos la proporcione voluntariamente de forma expresa. Los datos recabados a trav\u00e9s de los formularios de recogida de datos del sitio web u otras v\u00edas ser\u00e1n incorporados a un fichero automatizado de datos de car\u00e1cter personal del cual [&hellip;]<\/p>\n","protected":false},"author":1,"featured_media":0,"parent":0,"menu_order":0,"comment_status":"open","ping_status":"open","template":"","meta":{"_exactmetrics_skip_tracking":false,"_exactmetrics_sitenote_active":false,"_exactmetrics_sitenote_note":"","_exactmetrics_sitenote_category":0,"footnotes":""},"class_list":["post-141","page","type-page","status-publish","hentry"],"_links":{"self":[{"href":"http:\/\/www.doscomunica.com\/eu\/wp-json\/wp\/v2\/pages\/141","targetHints":{"allow":["GET"]}}],"collection":[{"href":"http:\/\/www.doscomunica.com\/eu\/wp-json\/wp\/v2\/pages"}],"about":[{"href":"http:\/\/www.doscomunica.com\/eu\/wp-json\/wp\/v2\/types\/page"}],"author":[{"embeddable":true,"href":"http:\/\/www.doscomunica.com\/eu\/wp-json\/wp\/v2\/users\/1"}],"replies":[{"embeddable":true,"href":"http:\/\/www.doscomunica.com\/eu\/wp-json\/wp\/v2\/comments?post=141"}],"version-history":[{"count":0,"href":"http:\/\/www.doscomunica.com\/eu\/wp-json\/wp\/v2\/pages\/141\/revisions"}],"wp:attachment":[{"href":"http:\/\/www.doscomunica.com\/eu\/wp-json\/wp\/v2\/media?parent=141"}],"curies":[{"name":"wp","href":"https:\/\/api.w.org\/{rel}","templated":true}]}}